{"id":11993,"date":"2022-11-10T14:32:07","date_gmt":"2022-11-10T14:32:07","guid":{"rendered":"https:\/\/www.experiencecerklje.si\/aktivni-paketi\/"},"modified":"2022-11-24T11:44:43","modified_gmt":"2022-11-24T11:44:43","slug":"aktivni-paketi","status":"publish","type":"page","link":"https:\/\/www.experiencecerklje.si\/de\/aktivni-paketi\/","title":{"rendered":"Organisierte Touren"},"content":{"rendered":"\t\t<div data-elementor-type=\"wp-page\" data-elementor-id=\"11993\" class=\"elementor elementor-11993 elementor-10045\">\n\t\t\t\t\t\t\t<div class=\"elementor-element elementor-element-1af19335 e-con-full e-con\" data-id=\"1af19335\" data-element_type=\"container\" data-settings=\"{&quot;content_width&quot;:&quot;full&quot;}\">\n\t\t\t\t<div class=\"elementor-element elementor-element-77c212b1 elementor-widget elementor-widget-shortcode\" data-id=\"77c212b1\" data-element_type=\"widget\" data-widget_type=\"shortcode.default\">\n\t\t\t\t<div class=\"elementor-widget-container\">\n\t\t\t\t\t<div class=\"elementor-shortcode\">\t\t<div data-elementor-type=\"page\" data-elementor-id=\"9200\" class=\"elementor elementor-9200\">\n\t\t\t\t\t\t\t<div class=\"elementor-element elementor-element-28b24dd8 e-con-boxed e-con\" data-id=\"28b24dd8\" data-element_type=\"container\" data-settings=\"{&quot;background_background&quot;:&quot;classic&quot;,&quot;shape_divider_bottom&quot;:&quot;wave-brush&quot;,&quot;content_width&quot;:&quot;boxed&quot;}\">\n\t\t\t\t\t<div class=\"e-con-inner\">\n\t\t\t\t<div class=\"elementor-shape elementor-shape-bottom\" data-negative=\"false\">\n\t\t\t<svg xmlns=\"http:\/\/www.w3.org\/2000\/svg\" viewBox=\"0 0 283.5 27.8\" preserveAspectRatio=\"none\">\n\t<path class=\"elementor-shape-fill\" d=\"M283.5,9.7c0,0-7.3,4.3-14,4.6c-6.8,0.3-12.6,0-20.9-1.5c-11.3-2-33.1-10.1-44.7-5.7\ts-12.1,4.6-18,7.4c-6.6,3.2-20,9.6-36.6,9.3C131.6,23.5,99.5,7.2,86.3,8c-1.4,0.1-6.6,0.8-10.5,2c-3.8,1.2-9.4,3.8-17,4.7\tc-3.2,0.4-8.3,1.1-14.2,0.9c-1.5-0.1-6.3-0.4-12-1.6c-5.7-1.2-11-3.1-15.8-3.7C6.5,9.2,0,10.8,0,10.8V0h283.5V9.7z M260.8,11.3\tc-0.7-1-2-0.4-4.3-0.4c-2.3,0-6.1-1.2-5.8-1.1c0.3,0.1,3.1,1.5,6,1.9C259.7,12.2,261.4,12.3,260.8,11.3z M242.4,8.6\tc0,0-2.4-0.2-5.6-0.9c-3.2-0.8-10.3-2.8-15.1-3.5c-8.2-1.1-15.8,0-15.1,0.1c0.8,0.1,9.6-0.6,17.6,1.1c3.3,0.7,9.3,2.2,12.4,2.7\tC239.9,8.7,242.4,8.6,242.4,8.6z M185.2,8.5c1.7-0.7-13.3,4.7-18.5,6.1c-2.1,0.6-6.2,1.6-10,2c-3.9,0.4-8.9,0.4-8.8,0.5\tc0,0.2,5.8,0.8,11.2,0c5.4-0.8,5.2-1.1,7.6-1.6C170.5,14.7,183.5,9.2,185.2,8.5z M199.1,6.9c0.2,0-0.8-0.4-4.8,1.1\tc-4,1.5-6.7,3.5-6.9,3.7c-0.2,0.1,3.5-1.8,6.6-3C197,7.5,199,6.9,199.1,6.9z M283,6c-0.1,0.1-1.9,1.1-4.8,2.5s-6.9,2.8-6.7,2.7\tc0.2,0,3.5-0.6,7.4-2.5C282.8,6.8,283.1,5.9,283,6z M31.3,11.6c0.1-0.2-1.9-0.2-4.5-1.2s-5.4-1.6-7.8-2C15,7.6,7.3,8.5,7.7,8.6\tC8,8.7,15.9,8.3,20.2,9.3c2.2,0.5,2.4,0.5,5.7,1.6S31.2,11.9,31.3,11.6z M73,9.2c0.4-0.1,3.5-1.6,8.4-2.6c4.9-1.1,8.9-0.5,8.9-0.8\tc0-0.3-1-0.9-6.2-0.3S72.6,9.3,73,9.2z M71.6,6.7C71.8,6.8,75,5.4,77.3,5c2.3-0.3,1.9-0.5,1.9-0.6c0-0.1-1.1-0.2-2.7,0.2\tC74.8,5.1,71.4,6.6,71.6,6.7z M93.6,4.4c0.1,0.2,3.5,0.8,5.6,1.8c2.1,1,1.8,0.6,1.9,0.5c0.1-0.1-0.8-0.8-2.4-1.3\tC97.1,4.8,93.5,4.2,93.6,4.4z M65.4,11.1c-0.1,0.3,0.3,0.5,1.9-0.2s2.6-1.3,2.2-1.2s-0.9,0.4-2.5,0.8C65.3,10.9,65.5,10.8,65.4,11.1\tz M34.5,12.4c-0.2,0,2.1,0.8,3.3,0.9c1.2,0.1,2,0.1,2-0.2c0-0.3-0.1-0.5-1.6-0.4C36.6,12.8,34.7,12.4,34.5,12.4z M152.2,21.1\tc-0.1,0.1-2.4-0.3-7.5-0.3c-5,0-13.6-2.4-17.2-3.5c-3.6-1.1,10,3.9,16.5,4.1C150.5,21.6,152.3,21,152.2,21.1z\"\/>\n\t<path class=\"elementor-shape-fill\" d=\"M269.6,18c-0.1-0.1-4.6,0.3-7.2,0c-7.3-0.7-17-3.2-16.6-2.9c0.4,0.3,13.7,3.1,17,3.3\tC267.7,18.8,269.7,18,269.6,18z\"\/>\n\t<path class=\"elementor-shape-fill\" d=\"M227.4,9.8c-0.2-0.1-4.5-1-9.5-1.2c-5-0.2-12.7,0.6-12.3,0.5c0.3-0.1,5.9-1.8,13.3-1.2\tS227.6,9.9,227.4,9.8z\"\/>\n\t<path class=\"elementor-shape-fill\" d=\"M204.5,13.4c-0.1-0.1,2-1,3.2-1.1c1.2-0.1,2,0,2,0.3c0,0.3-0.1,0.5-1.6,0.4\tC206.4,12.9,204.6,13.5,204.5,13.4z\"\/>\n\t<path class=\"elementor-shape-fill\" d=\"M201,10.6c0-0.1-4.4,1.2-6.3,2.2c-1.9,0.9-6.2,3.1-6.1,3.1c0.1,0.1,4.2-1.6,6.3-2.6\tS201,10.7,201,10.6z\"\/>\n\t<path class=\"elementor-shape-fill\" d=\"M154.5,26.7c-0.1-0.1-4.6,0.3-7.2,0c-7.3-0.7-17-3.2-16.6-2.9c0.4,0.3,13.7,3.1,17,3.3\tC152.6,27.5,154.6,26.8,154.5,26.7z\"\/>\n\t<path class=\"elementor-shape-fill\" d=\"M41.9,19.3c0,0,1.2-0.3,2.9-0.1c1.7,0.2,5.8,0.9,8.2,0.7c4.2-0.4,7.4-2.7,7-2.6\tc-0.4,0-4.3,2.2-8.6,1.9c-1.8-0.1-5.1-0.5-6.7-0.4S41.9,19.3,41.9,19.3z\"\/>\n\t<path class=\"elementor-shape-fill\" d=\"M75.5,12.6c0.2,0.1,2-0.8,4.3-1.1c2.3-0.2,2.1-0.3,2.1-0.5c0-0.1-1.8-0.4-3.4,0\tC76.9,11.5,75.3,12.5,75.5,12.6z\"\/>\n\t<path class=\"elementor-shape-fill\" d=\"M15.6,13.2c0-0.1,4.3,0,6.7,0.5c2.4,0.5,5,1.9,5,2c0,0.1-2.7-0.8-5.1-1.4\tC19.9,13.7,15.7,13.3,15.6,13.2z\"\/>\n<\/svg>\t\t<\/div>\n\t\t\t\t\t<\/div>\n\t\t\t\t<\/div>\n\t\t\t\t\t\t\t<\/div>\n\t\t<\/div>\n\t\t\t\t<\/div>\n\t\t\t\t<\/div>\n\t\t\t\t<\/div>\n\t\t<div class=\"elementor-element elementor-element-d533cf7 e-con-boxed e-con\" data-id=\"d533cf7\" data-element_type=\"container\" data-settings=\"{&quot;content_width&quot;:&quot;boxed&quot;}\">\n\t\t\t\t\t<div class=\"e-con-inner\">\n\t\t\t\t<div class=\"elementor-element elementor-element-e2e8abe elementor-widget elementor-widget-jet-listing-grid\" data-id=\"e2e8abe\" data-element_type=\"widget\" data-settings=\"{&quot;columns&quot;:&quot;3&quot;,&quot;columns_mobile&quot;:&quot;1&quot;}\" data-widget_type=\"jet-listing-grid.default\">\n\t\t\t\t<div class=\"elementor-widget-container\">\n\t\t\t<div class=\"jet-listing-grid jet-listing\"><div class=\"jet-listing-grid__items grid-col-desk-3 grid-col-tablet-3 grid-col-mobile-1 jet-listing-grid--10183\"  data-nav=\"{&quot;enabled&quot;:true,&quot;type&quot;:&quot;click&quot;,&quot;more_el&quot;:null,&quot;query&quot;:{&quot;post_status&quot;:[&quot;publish&quot;],&quot;post_type&quot;:&quot;aktivni-paketi&quot;,&quot;posts_per_page&quot;:&quot;6&quot;,&quot;paged&quot;:&quot;1&quot;,&quot;ignore_sticky_posts&quot;:&quot;1&quot;},&quot;widget_settings&quot;:{&quot;lisitng_id&quot;:10183,&quot;posts_num&quot;:6,&quot;columns&quot;:3,&quot;columns_tablet&quot;:3,&quot;columns_mobile&quot;:1,&quot;is_archive_template&quot;:&quot;&quot;,&quot;post_status&quot;:[&quot;publish&quot;],&quot;use_random_posts_num&quot;:&quot;&quot;,&quot;max_posts_num&quot;:9,&quot;not_found_message&quot;:&quot;No data was found&quot;,&quot;is_masonry&quot;:false,&quot;equal_columns_height&quot;:&quot;&quot;,&quot;use_load_more&quot;:&quot;yes&quot;,&quot;load_more_id&quot;:&quot;&quot;,&quot;load_more_type&quot;:&quot;click&quot;,&quot;use_custom_post_types&quot;:&quot;&quot;,&quot;custom_post_types&quot;:[],&quot;hide_widget_if&quot;:&quot;&quot;,&quot;carousel_enabled&quot;:&quot;&quot;,&quot;slides_to_scroll&quot;:&quot;1&quot;,&quot;arrows&quot;:&quot;true&quot;,&quot;arrow_icon&quot;:&quot;fa fa-angle-left&quot;,&quot;dots&quot;:&quot;&quot;,&quot;autoplay&quot;:&quot;true&quot;,&quot;autoplay_speed&quot;:5000,&quot;infinite&quot;:&quot;true&quot;,&quot;center_mode&quot;:&quot;&quot;,&quot;effect&quot;:&quot;slide&quot;,&quot;speed&quot;:500,&quot;inject_alternative_items&quot;:&quot;&quot;,&quot;injection_items&quot;:[],&quot;scroll_slider_enabled&quot;:&quot;&quot;,&quot;scroll_slider_on&quot;:[&quot;desktop&quot;,&quot;tablet&quot;,&quot;mobile&quot;],&quot;custom_query&quot;:false,&quot;custom_query_id&quot;:&quot;&quot;,&quot;_element_id&quot;:&quot;&quot;}}\" data-page=\"1\" data-pages=\"1\" data-listing-source=\"posts\"><style>.elementor-10183 .elementor-element.elementor-element-6f526a0a{--min-height:350px;--justify-content:flex-end;--overlay-opacity:1;--border-radius:8px 8px 8px 8px;--transition:background 0.3s, border 0.3s, border-radius 0.3s, box-shadow 0.3s;--padding-top:48px;--padding-right:48px;--padding-bottom:16px;--padding-left:48px;}.elementor-10183 .elementor-element.elementor-element-6f526a0a:not(.elementor-motion-effects-element-type-background), .elementor-10183 .elementor-element.elementor-element-6f526a0a > .elementor-motion-effects-container > .elementor-motion-effects-layer{background-position:center left;background-repeat:no-repeat;background-size:cover;}.elementor-10183 .elementor-element.elementor-element-6f526a0a::before, .elementor-10183 .elementor-element.elementor-element-6f526a0a > .elementor-background-video-container::before, .elementor-10183 .elementor-element.elementor-element-6f526a0a > .e-con-inner > .elementor-background-video-container::before, .elementor-10183 .elementor-element.elementor-element-6f526a0a > .elementor-background-slideshow::before, .elementor-10183 .elementor-element.elementor-element-6f526a0a > .e-con-inner > .elementor-background-slideshow::before{--background-overlay:'';background-color:transparent;background-image:linear-gradient(180deg, #00000021 0%, #000000 100%);}.elementor-10183 .elementor-element.elementor-element-3362b33c .jet-listing-dynamic-field__content{color:var( --e-global-color-3364412 );font-family:var( --e-global-typography-a3bb06b-font-family ), Open Sans;font-size:var( --e-global-typography-a3bb06b-font-size );font-weight:var( --e-global-typography-a3bb06b-font-weight );line-height:var( --e-global-typography-a3bb06b-line-height );letter-spacing:var( --e-global-typography-a3bb06b-letter-spacing );word-spacing:var( --e-global-typography-a3bb06b-word-spacing );text-align:left;}.elementor-10183 .elementor-element.elementor-element-3362b33c .jet-listing-dynamic-field .jet-listing-dynamic-field__inline-wrap{width:auto;}.elementor-10183 .elementor-element.elementor-element-3362b33c .jet-listing-dynamic-field .jet-listing-dynamic-field__content{width:auto;}.elementor-10183 .elementor-element.elementor-element-3362b33c .jet-listing-dynamic-field{justify-content:flex-start;}.elementor-10183 .elementor-element.elementor-element-3362b33c > .elementor-widget-container{margin:0px 0px 16px 0px;padding:0px 0px 16px 0px;border-style:solid;border-width:0px 0px 1px 0px;border-color:#E4E7ED33;}.elementor-10183 .elementor-element.elementor-element-1f68eca{color:var( --e-global-color-f8d742f );}.jet-listing-item.single-jet-engine.elementor-page-10183 > .elementor{width:350px;margin-left:auto;margin-right:auto;}@media(max-width:991px){.elementor-10183 .elementor-element.elementor-element-3362b33c .jet-listing-dynamic-field__content{font-size:var( --e-global-typography-a3bb06b-font-size );line-height:var( --e-global-typography-a3bb06b-line-height );letter-spacing:var( --e-global-typography-a3bb06b-letter-spacing );word-spacing:var( --e-global-typography-a3bb06b-word-spacing );}}@media(max-width:767px){.elementor-10183 .elementor-element.elementor-element-3362b33c .jet-listing-dynamic-field__content{font-size:var( --e-global-typography-a3bb06b-font-size );line-height:var( --e-global-typography-a3bb06b-line-height );letter-spacing:var( --e-global-typography-a3bb06b-letter-spacing );word-spacing:var( --e-global-typography-a3bb06b-word-spacing );}}<\/style><div class=\"jet-listing-grid__item jet-listing-dynamic-post-11980\" data-post-id=\"11980\" ><style type=\"text\/css\">.jet-listing-dynamic-post-11980 .elementor-element.elementor-element-6f526a0a:not(.elementor-motion-effects-element-type-background), .jet-listing-dynamic-post-11980 .elementor-element.elementor-element-6f526a0a > .elementor-motion-effects-container > .elementor-motion-effects-layer{background-image:url(\"https:\/\/www.experiencecerklje.si\/wp-content\/uploads\/2022\/11\/Vecerja-na-zajli-4-1.jpg\");}<\/style>\t\t<div data-elementor-type=\"jet-listing-items\" data-elementor-id=\"10183\" class=\"elementor elementor-10183\">\n\t\t\t\t\t\t\t<a class=\"elementor-element elementor-element-6f526a0a e-con-full elementor-invisible e-con\" data-id=\"6f526a0a\" data-element_type=\"container\" data-settings=\"{&quot;background_background&quot;:&quot;classic&quot;,&quot;animation&quot;:&quot;fadeIn&quot;,&quot;content_width&quot;:&quot;full&quot;}\" href=\"https:\/\/www.experiencecerklje.si\/de\/paketi\/2-tage-gourmet-kulturreise\/\">\n\t\t\t\t<div class=\"elementor-element elementor-element-3362b33c elementor-widget elementor-widget-jet-listing-dynamic-field\" data-id=\"3362b33c\" data-element_type=\"widget\" data-widget_type=\"jet-listing-dynamic-field.default\">\n\t\t\t\t<div class=\"elementor-widget-container\">\n\t\t\t<div class=\"jet-listing jet-listing-dynamic-field display-inline\"><div class=\"jet-listing-dynamic-field__inline-wrap\"><div class=\"jet-listing-dynamic-field__content\">2 Tage Gourmet \u2013 Kulturreise<\/div><\/div><\/div>\t\t<\/div>\n\t\t\t\t<\/div>\n\t\t\t\t<div class=\"elementor-element elementor-element-1f68eca elementor-widget elementor-widget-text-editor\" data-id=\"1f68eca\" data-element_type=\"widget\" data-widget_type=\"text-editor.default\">\n\t\t\t\t<div class=\"elementor-widget-container\">\n\t\t\t<style>\/*! elementor - v3.8.1 - 13-11-2022 *\/\n.elementor-widget-text-editor.elementor-drop-cap-view-stacked .elementor-drop-cap{background-color:#818a91;color:#fff}.elementor-widget-text-editor.elementor-drop-cap-view-framed .elementor-drop-cap{color:#818a91;border:3px solid;background-color:transparent}.elementor-widget-text-editor:not(.elementor-drop-cap-view-default) .elementor-drop-cap{margin-top:8px}.elementor-widget-text-editor:not(.elementor-drop-cap-view-default) .elementor-drop-cap-letter{width:1em;height:1em}.elementor-widget-text-editor .elementor-drop-cap{float:left;text-align:center;line-height:1;font-size:50px}.elementor-widget-text-editor .elementor-drop-cap-letter{display:inline-block}<\/style>\t\t\t\t<pre id=\"tw-target-text\" class=\"tw-data-text tw-text-large tw-ta\" dir=\"ltr\" data-placeholder=\"Prevod\"><span class=\"Y2IQFc\" lang=\"de\">Preberi ve\u010d<\/span><\/pre>\t\t\t\t\t\t<\/div>\n\t\t\t\t<\/div>\n\t\t\t\t<\/a>\n\t\t\t\t\t\t\t<\/div>\n\t\t<\/div><div class=\"jet-listing-grid__item jet-listing-dynamic-post-12053\" data-post-id=\"12053\" ><style type=\"text\/css\">.jet-listing-dynamic-post-12053 .elementor-element.elementor-element-6f526a0a:not(.elementor-motion-effects-element-type-background), .jet-listing-dynamic-post-12053 .elementor-element.elementor-element-6f526a0a > .elementor-motion-effects-container > .elementor-motion-effects-layer{background-image:url(\"https:\/\/www.experiencecerklje.si\/wp-content\/uploads\/2022\/11\/e-bike-Krvavec-2-avtor-Tomo-Jesenicnik.jpg\");}<\/style>\t\t<div data-elementor-type=\"jet-listing-items\" data-elementor-id=\"10183\" class=\"elementor elementor-10183\">\n\t\t\t\t\t\t\t<a class=\"elementor-element elementor-element-6f526a0a e-con-full elementor-invisible e-con\" data-id=\"6f526a0a\" data-element_type=\"container\" data-settings=\"{&quot;background_background&quot;:&quot;classic&quot;,&quot;animation&quot;:&quot;fadeIn&quot;,&quot;content_width&quot;:&quot;full&quot;}\" href=\"https:\/\/www.experiencecerklje.si\/de\/paketi\/mit-dem-e-bike-auf-den-berg\/\">\n\t\t\t\t<div class=\"elementor-element elementor-element-3362b33c elementor-widget elementor-widget-jet-listing-dynamic-field\" data-id=\"3362b33c\" data-element_type=\"widget\" data-widget_type=\"jet-listing-dynamic-field.default\">\n\t\t\t\t<div class=\"elementor-widget-container\">\n\t\t\t<div class=\"jet-listing jet-listing-dynamic-field display-inline\"><div class=\"jet-listing-dynamic-field__inline-wrap\"><div class=\"jet-listing-dynamic-field__content\">Mit dem E-Bike auf den Berg<\/div><\/div><\/div>\t\t<\/div>\n\t\t\t\t<\/div>\n\t\t\t\t<div class=\"elementor-element elementor-element-1f68eca elementor-widget elementor-widget-text-editor\" data-id=\"1f68eca\" data-element_type=\"widget\" data-widget_type=\"text-editor.default\">\n\t\t\t\t<div class=\"elementor-widget-container\">\n\t\t\t\t\t\t\t<pre id=\"tw-target-text\" class=\"tw-data-text tw-text-large tw-ta\" dir=\"ltr\" data-placeholder=\"Prevod\"><span class=\"Y2IQFc\" lang=\"de\">Preberi ve\u010d<\/span><\/pre>\t\t\t\t\t\t<\/div>\n\t\t\t\t<\/div>\n\t\t\t\t<\/a>\n\t\t\t\t\t\t\t<\/div>\n\t\t<\/div><div class=\"jet-listing-grid__item jet-listing-dynamic-post-12049\" data-post-id=\"12049\" ><style type=\"text\/css\">.jet-listing-dynamic-post-12049 .elementor-element.elementor-element-6f526a0a:not(.elementor-motion-effects-element-type-background), .jet-listing-dynamic-post-12049 .elementor-element.elementor-element-6f526a0a > .elementor-motion-effects-container > .elementor-motion-effects-layer{background-image:url(\"https:\/\/www.experiencecerklje.si\/wp-content\/uploads\/2022\/11\/Kompotela-2-avto-Jost-Gantar.jpg\");}<\/style>\t\t<div data-elementor-type=\"jet-listing-items\" data-elementor-id=\"10183\" class=\"elementor elementor-10183\">\n\t\t\t\t\t\t\t<a class=\"elementor-element elementor-element-6f526a0a e-con-full elementor-invisible e-con\" data-id=\"6f526a0a\" data-element_type=\"container\" data-settings=\"{&quot;background_background&quot;:&quot;classic&quot;,&quot;animation&quot;:&quot;fadeIn&quot;,&quot;content_width&quot;:&quot;full&quot;}\" href=\"https:\/\/www.experiencecerklje.si\/de\/paketi\/wandern-auf-den-gipfel-des-kompotela\/\">\n\t\t\t\t<div class=\"elementor-element elementor-element-3362b33c elementor-widget elementor-widget-jet-listing-dynamic-field\" data-id=\"3362b33c\" data-element_type=\"widget\" data-widget_type=\"jet-listing-dynamic-field.default\">\n\t\t\t\t<div class=\"elementor-widget-container\">\n\t\t\t<div class=\"jet-listing jet-listing-dynamic-field display-inline\"><div class=\"jet-listing-dynamic-field__inline-wrap\"><div class=\"jet-listing-dynamic-field__content\">Wandern auf den Gipfel des Kompotela<\/div><\/div><\/div>\t\t<\/div>\n\t\t\t\t<\/div>\n\t\t\t\t<div class=\"elementor-element elementor-element-1f68eca elementor-widget elementor-widget-text-editor\" data-id=\"1f68eca\" data-element_type=\"widget\" data-widget_type=\"text-editor.default\">\n\t\t\t\t<div class=\"elementor-widget-container\">\n\t\t\t\t\t\t\t<pre id=\"tw-target-text\" class=\"tw-data-text tw-text-large tw-ta\" dir=\"ltr\" data-placeholder=\"Prevod\"><span class=\"Y2IQFc\" lang=\"de\">Preberi ve\u010d<\/span><\/pre>\t\t\t\t\t\t<\/div>\n\t\t\t\t<\/div>\n\t\t\t\t<\/a>\n\t\t\t\t\t\t\t<\/div>\n\t\t<\/div><div class=\"jet-listing-grid__item jet-listing-dynamic-post-11988\" data-post-id=\"11988\" ><style type=\"text\/css\">.jet-listing-dynamic-post-11988 .elementor-element.elementor-element-6f526a0a:not(.elementor-motion-effects-element-type-background), .jet-listing-dynamic-post-11988 .elementor-element.elementor-element-6f526a0a > .elementor-motion-effects-container > .elementor-motion-effects-layer{background-image:url(\"https:\/\/www.experiencecerklje.si\/wp-content\/uploads\/2022\/11\/2-Adergas-3.jpg\");}<\/style>\t\t<div data-elementor-type=\"jet-listing-items\" data-elementor-id=\"10183\" class=\"elementor elementor-10183\">\n\t\t\t\t\t\t\t<a class=\"elementor-element elementor-element-6f526a0a e-con-full elementor-invisible e-con\" data-id=\"6f526a0a\" data-element_type=\"container\" data-settings=\"{&quot;background_background&quot;:&quot;classic&quot;,&quot;animation&quot;:&quot;fadeIn&quot;,&quot;content_width&quot;:&quot;full&quot;}\" href=\"https:\/\/www.experiencecerklje.si\/de\/paketi\/auf-gehts-zum-stefanja-gora-748-m-leichte-wanderung\/\">\n\t\t\t\t<div class=\"elementor-element elementor-element-3362b33c elementor-widget elementor-widget-jet-listing-dynamic-field\" data-id=\"3362b33c\" data-element_type=\"widget\" data-widget_type=\"jet-listing-dynamic-field.default\">\n\t\t\t\t<div class=\"elementor-widget-container\">\n\t\t\t<div class=\"jet-listing jet-listing-dynamic-field display-inline\"><div class=\"jet-listing-dynamic-field__inline-wrap\"><div class=\"jet-listing-dynamic-field__content\">Auf geht's zum \u0160tefanja gora 748 m - leichte Wanderung<\/div><\/div><\/div>\t\t<\/div>\n\t\t\t\t<\/div>\n\t\t\t\t<div class=\"elementor-element elementor-element-1f68eca elementor-widget elementor-widget-text-editor\" data-id=\"1f68eca\" data-element_type=\"widget\" data-widget_type=\"text-editor.default\">\n\t\t\t\t<div class=\"elementor-widget-container\">\n\t\t\t\t\t\t\t<pre id=\"tw-target-text\" class=\"tw-data-text tw-text-large tw-ta\" dir=\"ltr\" data-placeholder=\"Prevod\"><span class=\"Y2IQFc\" lang=\"de\">Preberi ve\u010d<\/span><\/pre>\t\t\t\t\t\t<\/div>\n\t\t\t\t<\/div>\n\t\t\t\t<\/a>\n\t\t\t\t\t\t\t<\/div>\n\t\t<\/div><div class=\"jet-listing-grid__item jet-listing-dynamic-post-11985\" data-post-id=\"11985\" ><style type=\"text\/css\">.jet-listing-dynamic-post-11985 .elementor-element.elementor-element-6f526a0a:not(.elementor-motion-effects-element-type-background), .jet-listing-dynamic-post-11985 .elementor-element.elementor-element-6f526a0a > .elementor-motion-effects-container > .elementor-motion-effects-layer{background-image:url(\"https:\/\/www.experiencecerklje.si\/wp-content\/uploads\/2022\/11\/8-Grad-Strmol-1-1.jpg\");}<\/style>\t\t<div data-elementor-type=\"jet-listing-items\" data-elementor-id=\"10183\" class=\"elementor elementor-10183\">\n\t\t\t\t\t\t\t<a class=\"elementor-element elementor-element-6f526a0a e-con-full elementor-invisible e-con\" data-id=\"6f526a0a\" data-element_type=\"container\" data-settings=\"{&quot;background_background&quot;:&quot;classic&quot;,&quot;animation&quot;:&quot;fadeIn&quot;,&quot;content_width&quot;:&quot;full&quot;}\" href=\"https:\/\/www.experiencecerklje.si\/de\/paketi\/das-ehemalige-kloster-von-adergas-und-die-burg-strmol\/\">\n\t\t\t\t<div class=\"elementor-element elementor-element-3362b33c elementor-widget elementor-widget-jet-listing-dynamic-field\" data-id=\"3362b33c\" data-element_type=\"widget\" data-widget_type=\"jet-listing-dynamic-field.default\">\n\t\t\t\t<div class=\"elementor-widget-container\">\n\t\t\t<div class=\"jet-listing jet-listing-dynamic-field display-inline\"><div class=\"jet-listing-dynamic-field__inline-wrap\"><div class=\"jet-listing-dynamic-field__content\">Das Ehemalige Kloster Von Adergas Und Die Burg Strmol<\/div><\/div><\/div>\t\t<\/div>\n\t\t\t\t<\/div>\n\t\t\t\t<div class=\"elementor-element elementor-element-1f68eca elementor-widget elementor-widget-text-editor\" data-id=\"1f68eca\" data-element_type=\"widget\" data-widget_type=\"text-editor.default\">\n\t\t\t\t<div class=\"elementor-widget-container\">\n\t\t\t\t\t\t\t<pre id=\"tw-target-text\" class=\"tw-data-text tw-text-large tw-ta\" dir=\"ltr\" data-placeholder=\"Prevod\"><span class=\"Y2IQFc\" lang=\"de\">Preberi ve\u010d<\/span><\/pre>\t\t\t\t\t\t<\/div>\n\t\t\t\t<\/div>\n\t\t\t\t<\/a>\n\t\t\t\t\t\t\t<\/div>\n\t\t<\/div><div class=\"jet-listing-grid__item jet-listing-dynamic-post-12044\" data-post-id=\"12044\" ><style type=\"text\/css\">.jet-listing-dynamic-post-12044 .elementor-element.elementor-element-6f526a0a:not(.elementor-motion-effects-element-type-background), .jet-listing-dynamic-post-12044 .elementor-element.elementor-element-6f526a0a > .elementor-motion-effects-container > .elementor-motion-effects-layer{background-image:url(\"https:\/\/www.experiencecerklje.si\/wp-content\/uploads\/2022\/11\/Domace-jedi-1-3.jpg\");}<\/style>\t\t<div data-elementor-type=\"jet-listing-items\" data-elementor-id=\"10183\" class=\"elementor elementor-10183\">\n\t\t\t\t\t\t\t<a class=\"elementor-element elementor-element-6f526a0a e-con-full elementor-invisible e-con\" data-id=\"6f526a0a\" data-element_type=\"container\" data-settings=\"{&quot;background_background&quot;:&quot;classic&quot;,&quot;animation&quot;:&quot;fadeIn&quot;,&quot;content_width&quot;:&quot;full&quot;}\" href=\"https:\/\/www.experiencecerklje.si\/de\/paketi\/kulinarische-tour\/\">\n\t\t\t\t<div class=\"elementor-element elementor-element-3362b33c elementor-widget elementor-widget-jet-listing-dynamic-field\" data-id=\"3362b33c\" data-element_type=\"widget\" data-widget_type=\"jet-listing-dynamic-field.default\">\n\t\t\t\t<div class=\"elementor-widget-container\">\n\t\t\t<div class=\"jet-listing jet-listing-dynamic-field display-inline\"><div class=\"jet-listing-dynamic-field__inline-wrap\"><div class=\"jet-listing-dynamic-field__content\">Kulinarisches TRIO<\/div><\/div><\/div>\t\t<\/div>\n\t\t\t\t<\/div>\n\t\t\t\t<div class=\"elementor-element elementor-element-1f68eca elementor-widget elementor-widget-text-editor\" data-id=\"1f68eca\" data-element_type=\"widget\" data-widget_type=\"text-editor.default\">\n\t\t\t\t<div class=\"elementor-widget-container\">\n\t\t\t\t\t\t\t<pre id=\"tw-target-text\" class=\"tw-data-text tw-text-large tw-ta\" dir=\"ltr\" data-placeholder=\"Prevod\"><span class=\"Y2IQFc\" lang=\"de\">Preberi ve\u010d<\/span><\/pre>\t\t\t\t\t\t<\/div>\n\t\t\t\t<\/div>\n\t\t\t\t<\/a>\n\t\t\t\t\t\t\t<\/div>\n\t\t<\/div><\/div><\/div>\t\t<\/div>\n\t\t\t\t<\/div>\n\t\t\t\t\t<\/div>\n\t\t\t\t<\/div>\n\t\t\t\t\t\t\t<\/div>\n\t\t","protected":false},"excerpt":{"rendered":"<p>Grad Strmol In Nekdanji Samostan Adergas Preberi ve\u010d Kulinari\u010dna Tura Preberi ve\u010d 2 Dnevna Gurmansko \u2013 Kulturna Tura Preberi ve\u010d<\/p>\n","protected":false},"author":1,"featured_media":11801,"parent":0,"menu_order":0,"comment_status":"closed","ping_status":"closed","template":"","meta":{"footnotes":""},"class_list":["post-11993","page","type-page","status-publish","has-post-thumbnail","hentry"],"_links":{"self":[{"href":"https:\/\/www.experiencecerklje.si\/de\/wp-json\/wp\/v2\/pages\/11993","targetHints":{"allow":["GET"]}}],"collection":[{"href":"https:\/\/www.experiencecerklje.si\/de\/wp-json\/wp\/v2\/pages"}],"about":[{"href":"https:\/\/www.experiencecerklje.si\/de\/wp-json\/wp\/v2\/types\/page"}],"author":[{"embeddable":true,"href":"https:\/\/www.experiencecerklje.si\/de\/wp-json\/wp\/v2\/users\/1"}],"replies":[{"embeddable":true,"href":"https:\/\/www.experiencecerklje.si\/de\/wp-json\/wp\/v2\/comments?post=11993"}],"version-history":[{"count":2,"href":"https:\/\/www.experiencecerklje.si\/de\/wp-json\/wp\/v2\/pages\/11993\/revisions"}],"predecessor-version":[{"id":12098,"href":"https:\/\/www.experiencecerklje.si\/de\/wp-json\/wp\/v2\/pages\/11993\/revisions\/12098"}],"wp:featuredmedia":[{"embeddable":true,"href":"https:\/\/www.experiencecerklje.si\/de\/wp-json\/wp\/v2\/media\/11801"}],"wp:attachment":[{"href":"https:\/\/www.experiencecerklje.si\/de\/wp-json\/wp\/v2\/media?parent=11993"}],"curies":[{"name":"wp","href":"https:\/\/api.w.org\/{rel}","templated":true}]}}